{"id":113,"date":"2021-09-29T14:01:44","date_gmt":"2021-09-29T14:01:44","guid":{"rendered":"https:\/\/enfinmamaquette.com\/heliski\/?page_id=113"},"modified":"2024-05-14T18:27:32","modified_gmt":"2024-05-14T16:27:32","slug":"reservation","status":"publish","type":"page","link":"https:\/\/pyrenees-heliski.compsa.net\/en\/reservation\/","title":{"rendered":"Reservation"},"content":{"rendered":"<div class=\"wpb-content-wrapper\"><p>[vc_row full_width=&#8221;stretch_row&#8221; el_class=&#8221;site-row-p70x&#8221;][vc_column width=&#8221;5\/6&#8243; offset=&#8221;vc_col-lg-offset-1 vc_col-md-offset-1 vc_col-sm-offset-1&#8243;]<div class=\"site-heading text-center site-heading-dark\"><h3>Atenci\u00f3n: Por favor, completa este formulario \u00fanicamente despu\u00e9s de haber contactado por email ( info@heliski.pro ) y haber confirmado tu plaza mediante el pago de la actividad.<\/h3><\/div>[vc_empty_space height=&#8221;60px&#8221;][vc_raw_html]JTBBJTIwJTIwJTIwJTIwJTNDaWZyYW1lJTBBJTIwJTIwJTIwJTIwJTIwJTIwaWQlM0QlMjJKb3RGb3JtSUZyYW1lLTI0MDkyMzIwNzEzOTA0OSUyMiUwQSUyMCUyMCUyMCUyMCUyMCUyMHRpdGxlJTNEJTIyQk9PS0lORyUyMFJFUVVFU1QlMjAlMjIlMEElMjAlMjAlMjAlMjAlMjAlMjBvbmxvYWQlM0QlMjJ3aW5kb3cucGFyZW50LnNjcm9sbFRvJTI4MCUyQzAlMjklMjIlMEElMjAlMjAlMjAlMjAlMjAlMjBhbGxvd3RyYW5zcGFyZW5jeSUzRCUyMnRydWUlMjIlMEElMjAlMjAlMjAlMjAlMjAlMjBhbGxvdyUzRCUyMmdlb2xvY2F0aW9uJTNCJTIwbWljcm9waG9uZSUzQiUyMGNhbWVyYSUzQiUyMGZ1bGxzY3JlZW4lMjIlMEElMjAlMjAlMjAlMjAlMjAlMjBzcmMlM0QlMjJodHRwcyUzQSUyRiUyRmZvcm0uam90Zm9ybS5jb20lMkYyNDA5MjMyMDcxMzkwNDklMjIlMEElMjAlMjAlMjAlMjAlMjAlMjBmcmFtZWJvcmRlciUzRCUyMjAlMjIlMEElMjAlMjAlMjAlMjAlMjAlMjBzdHlsZSUzRCUyMm1pbi13aWR0aCUzQTEwMCUyNSUzQm1heC13aWR0aCUzQTEwMCUyNSUzQmhlaWdodCUzQTgwMHB4JTNCYm9yZGVyJTNBbm9uZSUzQiUyMiUwQSUyMCUyMCUyMCUyMCUyMCUyMHNjcm9sbGluZyUzRCUyMm5vJTIyJTBBJTIwJTIwJTIwJTIwJTNFJTBBJTIwJTIwJTIwJTIwJTNDJTJGaWZyYW1lJTNFJTBBJTIwJTIwJTIwJTIwJTNDc2NyaXB0JTIwc3JjJTNEJTI3aHR0cHMlM0ElMkYlMkZmb3JtLmpvdGZvcm0uY29tJTJGcyUyRnVtZCUyRmxhdGVzdCUyRmZvci1mb3JtLWVtYmVkLWhhbmRsZXIuanMlMjclM0UlM0MlMkZzY3JpcHQlM0UlMEElMjAlMjAlMjAlMjAlM0NzY3JpcHQlM0V3aW5kb3cuam90Zm9ybUVtYmVkSGFuZGxlciUyOCUyMmlmcmFtZSU1QmlkJTNEJTI3Sm90Rm9ybUlGcmFtZS0yNDA5MjMyMDcxMzkwNDklMjclMjIlMkMlMjAlMjJodHRwcyUzQSUyRiUyRmZvcm0uam90Zm9ybS5jb20lMkYlMjIlMjklM0MlMkZzY3JpcHQlM0UlMEElMjAlMjAlMjAlMjA=[\/vc_raw_html][vc_empty_space height=&#8221;60px&#8221;][vc_single_image image=&#8221;1965&#8243; img_size=&#8221;full&#8221; alignment=&#8221;center&#8221;][vc_empty_space height=&#8221;60px&#8221;][\/vc_column][\/vc_row][vc_row disable_element=&#8221;yes&#8221;][vc_column]<div class=\"fullwidth-button text-left\"><div class=\"default-button-holder\"><a href=\"https:\/\/form.jotform.com\/fabosue\/REGISTRATIONFORMDAY\" target=\"_self\" class=\"btn\">Formulario de inscripci\u00f3n<\/a><\/div><\/div>[vc_column_text]https:\/\/form.jotform.com\/form\/240923207139049[\/vc_column_text][\/vc_column][\/vc_row]<\/p>\n<\/div>","protected":false},"excerpt":{"rendered":"<p>[vc_row full_width=&#8221;stretch_row&#8221; el_class=&#8221;site-row-p70x&#8221;][vc_column width=&#8221;5\/6&#8243; offset=&#8221;vc_col-lg-offset-1 vc_col-md-offset-1 vc_col-sm-offset-1&#8243;][vc_empty_space height=&#8221;60px&#8221;][vc_raw_html]JTBBJTIwJTIwJTIwJTIwJTNDaWZyYW1lJTBBJTIwJTIwJTIwJTIwJTIwJTIwaWQlM0QlMjJKb3RGb3JtSUZyYW1lLTI0MDkyMzIwNzEzOTA0OSUyMiUwQSUyMCUyMCUyMCUyMCUyMCUyMHRpdGxlJTNEJTIyQk9PS0lORyUyMFJFUVVFU1QlMjAlMjIlMEElMjAlMjAlMjAlMjAlMjAlMjBvbmxvYWQlM0QlMjJ3aW5kb3cucGFyZW50LnNjcm9sbFRvJTI4MCUyQzAlMjklMjIlMEElMjAlMjAlMjAlMjAlMjAlMjBhbGxvd3RyYW5zcGFyZW5jeSUzRCUyMnRydWUlMjIlMEElMjAlMjAlMjAlMjAlMjAlMjBhbGxvdyUzRCUyMmdlb2xvY2F0aW9uJTNCJTIwbWljcm9waG9uZSUzQiUyMGNhbWVyYSUzQiUyMGZ1bGxzY3JlZW4lMjIlMEElMjAlMjAlMjAlMjAlMjAlMjBzcmMlM0QlMjJodHRwcyUzQSUyRiUyRmZvcm0uam90Zm9ybS5jb20lMkYyNDA5MjMyMDcxMzkwNDklMjIlMEElMjAlMjAlMjAlMjAlMjAlMjBmcmFtZWJvcmRlciUzRCUyMjAlMjIlMEElMjAlMjAlMjAlMjAlMjAlMjBzdHlsZSUzRCUyMm1pbi13aWR0aCUzQTEwMCUyNSUzQm1heC13aWR0aCUzQTEwMCUyNSUzQmhlaWdodCUzQTgwMHB4JTNCYm9yZGVyJTNBbm9uZSUzQiUyMiUwQSUyMCUyMCUyMCUyMCUyMCUyMHNjcm9sbGluZyUzRCUyMm5vJTIyJTBBJTIwJTIwJTIwJTIwJTNFJTBBJTIwJTIwJTIwJTIwJTNDJTJGaWZyYW1lJTNFJTBBJTIwJTIwJTIwJTIwJTNDc2NyaXB0JTIwc3JjJTNEJTI3aHR0cHMlM0ElMkYlMkZmb3JtLmpvdGZvcm0uY29tJTJGcyUyRnVtZCUyRmxhdGVzdCUyRmZvci1mb3JtLWVtYmVkLWhhbmRsZXIuanMlMjclM0UlM0MlMkZzY3JpcHQlM0UlMEElMjAlMjAlMjAlMjAlM0NzY3JpcHQlM0V3aW5kb3cuam90Zm9ybUVtYmVkSGFuZGxlciUyOCUyMmlmcmFtZSU1QmlkJTNEJTI3Sm90Rm9ybUlGcmFtZS0yNDA5MjMyMDcxMzkwNDklMjclMjIlMkMlMjAlMjJodHRwcyUzQSUyRiUyRmZvcm0uam90Zm9ybS5jb20lMkYlMjIlMjklM0MlMkZzY3JpcHQlM0UlMEElMjAlMjAlMjAlMjA=[\/vc_raw_html][vc_empty_space height=&#8221;60px&#8221;][vc_single_image image=&#8221;1965&#8243; img_size=&#8221;full&#8221; alignment=&#8221;center&#8221;][vc_empty_space height=&#8221;60px&#8221;][\/vc_column][\/vc_row][vc_row disable_element=&#8221;yes&#8221;][vc_column][vc_column_text]https:\/\/form.jotform.com\/form\/240923207139049[\/vc_column_text][\/vc_column][\/vc_row]<\/p>\n","protected":false},"author":1,"featured_media":0,"parent":0,"menu_order":0,"comment_status":"closed","ping_status":"closed","template":"","meta":{"footnotes":""},"class_list":["post-113","page","type-page","status-publish","hentry"],"_links":{"self":[{"href":"https:\/\/pyrenees-heliski.compsa.net\/en\/wp-json\/wp\/v2\/pages\/113","targetHints":{"allow":["GET"]}}],"collection":[{"href":"https:\/\/pyrenees-heliski.compsa.net\/en\/wp-json\/wp\/v2\/pages"}],"about":[{"href":"https:\/\/pyrenees-heliski.compsa.net\/en\/wp-json\/wp\/v2\/types\/page"}],"author":[{"embeddable":true,"href":"https:\/\/pyrenees-heliski.compsa.net\/en\/wp-json\/wp\/v2\/users\/1"}],"replies":[{"embeddable":true,"href":"https:\/\/pyrenees-heliski.compsa.net\/en\/wp-json\/wp\/v2\/comments?post=113"}],"version-history":[{"count":10,"href":"https:\/\/pyrenees-heliski.compsa.net\/en\/wp-json\/wp\/v2\/pages\/113\/revisions"}],"predecessor-version":[{"id":2242,"href":"https:\/\/pyrenees-heliski.compsa.net\/en\/wp-json\/wp\/v2\/pages\/113\/revisions\/2242"}],"wp:attachment":[{"href":"https:\/\/pyrenees-heliski.compsa.net\/en\/wp-json\/wp\/v2\/media?parent=113"}],"curies":[{"name":"wp","href":"https:\/\/api.w.org\/{rel}","templated":true}]}}