{"id":517,"date":"2021-09-21T12:45:10","date_gmt":"2021-09-21T12:45:10","guid":{"rendered":"https:\/\/enfinmamaquette.com\/heliski\/contact-us\/"},"modified":"2025-05-01T12:31:06","modified_gmt":"2025-05-01T10:31:06","slug":"contact","status":"publish","type":"page","link":"https:\/\/pyrenees-heliski.compsa.net\/fr\/contact\/","title":{"rendered":"Contact"},"content":{"rendered":"<div class=\"wpb-content-wrapper\"><p>[vc_row full_width=\u00a0\u00bbstretch_row\u00a0\u00bb el_class=\u00a0\u00bbsite-row-p70x\u00a0\u00bb][vc_column width=\u00a0\u00bb1\/2&Prime; el_class=\u00a0\u00bbmobile-space-x35&Prime;][vc_row_inner el_class=\u00a0\u00bbsite-row-pt50x\u00a0\u00bb][vc_column_inner]<div class=\"site-heading text-left site-heading-dark\"><h5>PYRENEES HELISKI SL (B25702408)<\/h5><\/div>[vc_empty_space height=\u00a0\u00bb20px\u00a0\u00bb el_class=\u00a0\u00bbmobile-display-none\u00a0\u00bb][vc_column_text css=\u00a0\u00bb\u00a0\u00bb]<strong>H\u00e9liport de Vielha, BETREN \/ CP 25539 (Espagne)<\/strong><br \/>\n<strong>Agence de Voyages : CG-004790<\/strong><br \/>\n<strong>TVA Intracommunautaire : ESB25702408<\/strong>[\/vc_column_text][\/vc_column_inner][\/vc_row_inner][vc_row_inner el_class=\u00a0\u00bbsite-row-pt50x\u00a0\u00bb][vc_column_inner]<div class=\"site-heading text-left site-heading-dark\"><h5>Nos coordonn\u00e9es bancaires<\/h5><\/div>[vc_empty_space height=\u00a0\u00bb20px\u00a0\u00bb el_class=\u00a0\u00bbmobile-display-none\u00a0\u00bb][vc_column_text css=\u00a0\u00bb\u00a0\u00bb]Banque de Sabadell &#8211; 25530 Vielha<br \/>\nTitulaire : Pyrenees Heliski SL<br \/>\nN\u00b0 de Compte : 0081-5127-41-0001096614<br \/>\n<strong>IBAN : ES52 0081 5127 4100 0109 6614<\/strong><br \/>\n<strong>Swift : BSABESBB<\/strong>[\/vc_column_text][\/vc_column_inner][\/vc_row_inner][vc_row_inner disable_element=\u00a0\u00bbyes\u00a0\u00bb el_class=\u00a0\u00bbsite-row-pt50x\u00a0\u00bb][vc_column_inner el_class=\u00a0\u00bbmobile-space-x35&Prime; width=\u00a0\u00bb1\/2&Prime;]<div class=\"site-heading text-left site-heading-dark\"><h5>Thierry Gasser<\/h5><\/div>[vc_empty_space height=\u00a0\u00bb20px\u00a0\u00bb el_class=\u00a0\u00bbmobile-display-none\u00a0\u00bb][vc_column_text]mobile : +41 78 671 72 50<br \/>\ne-mail : thierry@heliski.pro[\/vc_column_text][\/vc_column_inner][vc_column_inner width=\u00a0\u00bb1\/2&Prime;]<div class=\"site-heading text-left site-heading-dark\"><h5>Francesca Orfane<\/h5><\/div>[vc_empty_space height=\u00a0\u00bb20px\u00a0\u00bb el_class=\u00a0\u00bbmobile-display-none\u00a0\u00bb][vc_column_text]mobile : +41 79 825 98 43<br \/>\ne-mail : office@heliski.pro[\/vc_column_text][\/vc_column_inner][\/vc_row_inner][\/vc_column][vc_column width=\u00a0\u00bb1\/2&Prime;]<div class=\"site-heading text-left site-heading-dark\"><h2>Notre Contact :<\/h2><\/div>[vc_row_inner el_class=\u00a0\u00bbsite-row-pt50x\u00a0\u00bb][vc_column_inner]<div class=\"site-heading text-left site-heading-dark\"><h5>Informations et r\u00e9servations :<\/h5><\/div>[vc_column_text](Les r\u00e9servations ne peuvent pas \u00eatre effectu\u00e9es par t\u00e9l\u00e9phone)[\/vc_column_text][vc_empty_space height=\u00a0\u00bb20px\u00a0\u00bb el_class=\u00a0\u00bbmobile-display-none\u00a0\u00bb][vc_column_text css=\u00a0\u00bb\u00a0\u00bb]E-mail :<strong>\u00a0<\/strong><a href=\"mailto:info@heliski.pro\">info@pyrenees-heliski.pro<\/a>\u00a0\u2013\u00a0<a href=\"mailto:fabiana@heliski.pro\">fabiana@heliski.pro<\/a>[\/vc_column_text][\/vc_column_inner][\/vc_row_inner][vc_row_inner el_class=\u00a0\u00bbsite-row-pt50x\u00a0\u00bb][vc_column_inner]<div class=\"site-heading text-left site-heading-dark\"><h5>Informations sur les conditions :<\/h5><\/div>[vc_empty_space height=\u00a0\u00bb20px\u00a0\u00bb el_class=\u00a0\u00bbmobile-display-none\u00a0\u00bb][vc_column_text css=\u00a0\u00bb\u00a0\u00bb]T\u00e9l\u00e9phone : +34 655 01 23 93[\/vc_column_text][\/vc_column_inner][\/vc_row_inner][\/vc_column][\/vc_row][vc_row full_width=\u00a0\u00bbstretch_row\u00a0\u00bb el_class=\u00a0\u00bbsite-row-pb70x\u00a0\u00bb][vc_column el_class=\u00a0\u00bbsite-contact-map\u00a0\u00bb][vc_raw_html]JTNDaWZyYW1lJTIwc3JjJTNEJTIyaHR0cHMlM0ElMkYlMkZ3d3cuZ29vZ2xlLmNvbSUyRm1hcHMlMkZlbWJlZCUzRnBiJTNEJTIxMW0xOCUyMTFtMTIlMjExbTMlMjExZDI5MzIuMzM0ODI3OTU3NDU4JTIxMmQwLjgwMDM5MzMxNTQ2MTU0MjclMjEzZDQyLjY5NjYzMDU3OTE2NTglMjEybTMlMjExZjAlMjEyZjAlMjEzZjAlMjEzbTIlMjExaTEwMjQlMjEyaTc2OCUyMTRmMTMuMSUyMTNtMyUyMTFtMiUyMTFzMHgxMmE4OWE3MDQ1ZWQ2Yjc3JTI1M0EweDllMWRlZTVjMzIwYWYxMmYlMjEyc1ZpZWxoYSUyNTIwSGVsaXBvcnQlMjE1ZTAlMjEzbTIlMjExc2ZyJTIxMnNmciUyMTR2MTYzNTA3NDA4OTcwNiUyMTVtMiUyMTFzZnIlMjEyc2ZyJTIyJTIwd2lkdGglM0QlMjIxMDAlMjUlMjIlMjBoZWlnaHQlM0QlMjI1MDAlMjIlMjBzdHlsZSUzRCUyMmJvcmRlciUzQTAlM0IlMjIlMjBhbGxvd2Z1bGxzY3JlZW4lM0QlMjIlMjIlMjBsb2FkaW5nJTNEJTIybGF6eSUyMiUzRSUzQyUyRmlmcmFtZSUzRQ==[\/vc_raw_html][\/vc_column][\/vc_row]<\/p>\n<\/div>","protected":false},"excerpt":{"rendered":"<p>[vc_row full_width=\u00a0\u00bbstretch_row\u00a0\u00bb el_class=\u00a0\u00bbsite-row-p70x\u00a0\u00bb][vc_column width=\u00a0\u00bb1\/2&Prime; el_class=\u00a0\u00bbmobile-space-x35&Prime;][vc_row_inner el_class=\u00a0\u00bbsite-row-pt50x\u00a0\u00bb][vc_column_inner][vc_empty_space height=\u00a0\u00bb20px\u00a0\u00bb el_class=\u00a0\u00bbmobile-display-none\u00a0\u00bb][vc_column_text css=\u00a0\u00bb\u00a0\u00bb]H\u00e9liport de Vielha, BETREN \/ CP 25539 (Espagne) Agence de Voyages : CG-004790 TVA Intracommunautaire : ESB25702408[\/vc_column_text][\/vc_column_inner][\/vc_row_inner][vc_row_inner el_class=\u00a0\u00bbsite-row-pt50x\u00a0\u00bb][vc_column_inner][vc_empty_space height=\u00a0\u00bb20px\u00a0\u00bb el_class=\u00a0\u00bbmobile-display-none\u00a0\u00bb][vc_column_text css=\u00a0\u00bb\u00a0\u00bb]Banque de Sabadell &#8211; 25530 Vielha Titulaire : Pyrenees Heliski SL N\u00b0 de Compte : 0081-5127-41-0001096614 IBAN : ES52 0081 5127 4100 0109 6614 Swift : BSABESBB[\/vc_column_text][\/vc_column_inner][\/vc_row_inner][vc_row_inner [&hellip;]<\/p>\n","protected":false},"author":1,"featured_media":0,"parent":0,"menu_order":0,"comment_status":"closed","ping_status":"closed","template":"","meta":{"footnotes":""},"class_list":["post-517","page","type-page","status-publish","hentry"],"_links":{"self":[{"href":"https:\/\/pyrenees-heliski.compsa.net\/fr\/wp-json\/wp\/v2\/pages\/517","targetHints":{"allow":["GET"]}}],"collection":[{"href":"https:\/\/pyrenees-heliski.compsa.net\/fr\/wp-json\/wp\/v2\/pages"}],"about":[{"href":"https:\/\/pyrenees-heliski.compsa.net\/fr\/wp-json\/wp\/v2\/types\/page"}],"author":[{"embeddable":true,"href":"https:\/\/pyrenees-heliski.compsa.net\/fr\/wp-json\/wp\/v2\/users\/1"}],"replies":[{"embeddable":true,"href":"https:\/\/pyrenees-heliski.compsa.net\/fr\/wp-json\/wp\/v2\/comments?post=517"}],"version-history":[{"count":20,"href":"https:\/\/pyrenees-heliski.compsa.net\/fr\/wp-json\/wp\/v2\/pages\/517\/revisions"}],"predecessor-version":[{"id":2652,"href":"https:\/\/pyrenees-heliski.compsa.net\/fr\/wp-json\/wp\/v2\/pages\/517\/revisions\/2652"}],"wp:attachment":[{"href":"https:\/\/pyrenees-heliski.compsa.net\/fr\/wp-json\/wp\/v2\/media?parent=517"}],"curies":[{"name":"wp","href":"https:\/\/api.w.org\/{rel}","templated":true}]}}